{"id":23989,"date":"2024-02-06T11:04:18","date_gmt":"2024-02-06T16:04:18","guid":{"rendered":"https:\/\/nelliemarketing.com\/?page_id=23989"},"modified":"2024-07-30T15:53:33","modified_gmt":"2024-07-30T19:53:33","slug":"etude-de-cas-ithq","status":"publish","type":"page","link":"https:\/\/nelliemarketing.com\/en\/etude-de-cas-ithq\/","title":{"rendered":"\u00c9tude de cas : ITHQ"},"content":{"rendered":"<section class=\"vc_row wpb_row vc_row-fluid\"><div class=\"wpb_column vc_column_container vc_col-sm-12  col-xs-mobile-fullwidth\"><div class=\"vc_column-inner\"><div class=\"wpb_wrapper\"><div class=\"vc_row wpb_row vc_inner vc_row-fluid\"><div class=\"wpb_column vc_column_container vc_col-sm-12  col-xs-mobile-fullwidth\"><div class=\"vc_column-inner\"><div class=\"wpb_wrapper\"><h2 style=\"color: #000000;text-align: center;font-family:Montserrat;font-weight:700;font-style:normal\" class=\"vc_custom_heading\" >ADMISSIONS 2023<\/h2><\/div><\/div><\/div><\/div><div class=\"vc_row wpb_row vc_inner vc_row-fluid\"><div class=\"wpb_column vc_column_container vc_col-sm-6  col-xs-mobile-fullwidth\"><div class=\"vc_column-inner\"><div class=\"wpb_wrapper\"><div class=\"last-paragraph-no-margin\"><p><span style=\"color: #000000;\"><span style=\"font-weight: 400;\"><strong>Objectif : <\/strong>Accro\u00eetre la consid\u00e9ration des programmes professionnels, techniques et universitaires offerts par l\u2019ITHQ aupr\u00e8s des qu\u00e9b\u00e9cois \u00e2g\u00e9s entre 17 et 34 ans.<\/span><\/span><\/p>\n<p><span style=\"color: #000000;\"><span style=\"font-weight: 400;\"><strong>Concept : <\/strong>En misant sur la notion de plaisir li\u00e9e aux \u00e9tudes r\u00e9alis\u00e9es \u00e0 l\u2019ITHQ, les cr\u00e9ateurs de contenu ont \u00e9t\u00e9 mandat\u00e9s afin de mettre en lumi\u00e8re les programmes stimulants offerts par l\u2019institution. Permettant aux \u00e9tudiants d\u2019\u00e9largir leurs horizons et d\u2019acqu\u00e9rir de merveilleux apprentissages pour le milieu du travail, l\u2019ITHQ a \u00e9t\u00e9 mise de l\u2019avant de fa\u00e7on ludique dans les contenus des influenceurs et les r\u00e9sultats furent impressionnants.<\/span><\/span><\/p>\n<\/div><div class=\"vc_empty_space\"   style=\"height: 36px\"><span class=\"vc_empty_space_inner\"><\/span><\/div><\/div><\/div><\/div><div class=\"wpb_column vc_column_container vc_col-sm-6  col-xs-mobile-fullwidth\"><div class=\"vc_column-inner\"><div class=\"wpb_wrapper\"><div class=\"last-paragraph-no-margin\"><p><span style=\"color: #000000;\"><strong>Statistiques cl\u00e9s :<\/strong><\/span><\/p>\n<ul>\n<li aria-level=\"1\"><span style=\"color: #000000;\">5 cr\u00e9ateurs de contenu<\/span><\/li>\n<li style=\"font-weight: 400;\" aria-level=\"1\"><span style=\"font-weight: 400; color: #000000;\">58 942 impressions\u00a0<\/span><\/li>\n<li style=\"font-weight: 400;\" aria-level=\"1\"><span style=\"font-weight: 400; color: #000000;\">912 000 vues<\/span><\/li>\n<li style=\"font-weight: 400;\" aria-level=\"1\"><span style=\"font-weight: 400; color: #000000;\">26 314 engagements\u00a0<\/span><\/li>\n<li style=\"font-weight: 400;\" aria-level=\"1\"><span style=\"font-weight: 400; color: #000000;\">Taux d\u2019engagement global de 18%\u00a0<\/span><\/li>\n<li style=\"font-weight: 400;\" aria-level=\"1\"><span style=\"font-weight: 400; color: #000000;\">Visibilit\u00e9 des Instagram Reels de 75,77%<\/span><\/li>\n<li style=\"font-weight: 400;\" aria-level=\"1\"><span style=\"font-weight: 400; color: #000000;\">Visibilit\u00e9 des Instagram Stories de 55,38%<\/span><\/li>\n<\/ul>\n<\/div><\/div><\/div><\/div><\/div><div class=\"vc_row wpb_row vc_inner vc_row-fluid\"><div class=\"wpb_column vc_column_container vc_col-sm-12  col-xs-mobile-fullwidth\"><div class=\"vc_column-inner\"><div class=\"wpb_wrapper\"><div class=\"last-paragraph-no-margin\"><p><span style=\"color: #000000;\"><i><span style=\"font-weight: 400;\">\u00ab Cette collaboration avec Nellie s\u2019inscrit dans des efforts marketing de recrutement globaux aupr\u00e8s de 18-24 ans qui ont permis de g\u00e9n\u00e9rer une augmentation du nombre de demandes d\u2019admission d\u2019au moins 9,5% dans l\u2019ensemble des programmes r\u00e9guliers au 1er tour. \u00bb<\/span><\/i><\/span><\/p>\n<p><span style=\"color: #000000;\"><i><span style=\"font-weight: 400;\">-Emilie Boisvert-Croteau, conseill\u00e8re marketing, ITHQ<\/span><\/i><\/span><\/p>\n<\/div><div class=\"vc_empty_space\"   style=\"height: 20px\"><span class=\"vc_empty_space_inner\"><\/span><\/div><\/div><\/div><\/div><\/div><div class=\"vc_row wpb_row vc_inner vc_row-fluid\"><div class=\"wpb_column vc_column_container vc_col-sm-4  col-xs-mobile-fullwidth\"><div class=\"vc_column-inner\"><div class=\"wpb_wrapper\">\n\t<div class=\"wpb_raw_code wpb_content_element wpb_raw_html\" >\n\t\t<div class=\"wpb_wrapper\">\n\t\t\t<blockquote class=\"tiktok-embed\" cite=\"https:\/\/www.tiktok.com\/@alybrassard\/video\/7190474277727014149\" data-video-id=\"7190474277727014149\" style=\"max-width: 605px;min-width: 325px;\" > <section> <a target=\"_blank\" title=\"@alybrassard\" href=\"https:\/\/www.tiktok.com\/@alybrassard?refer=embed\">@alybrassard<\/a> Tant qu\u2019\u00e0 tripper de m\u00eame, \u00e7a vaut la peine de s\u2019informer sur les programmes de l\u2019ITHQ \ud83c\udfe8 En passant, les portes ouvertes sont le 6 f\u00e9vrier! <a title=\"partenaire_ithq\" target=\"_blank\" href=\"https:\/\/www.tiktok.com\/tag\/partenaire_ithq?refer=embed\">#partenaire_ITHQ<\/a> @ithqofficiel  <a title=\"quebec\" target=\"_blank\" href=\"https:\/\/www.tiktok.com\/tag\/quebec?refer=embed\">#quebec<\/a> <a title=\"fyp\" target=\"_blank\" href=\"https:\/\/www.tiktok.com\/tag\/fyp?refer=embed\">#fyp<\/a> <a title=\"pub\" target=\"_blank\" href=\"https:\/\/www.tiktok.com\/tag\/pub?refer=embed\">#PUB<\/a> <a target=\"_blank\" title=\"\u266c son original - aly\" href=\"https:\/\/www.tiktok.com\/music\/son-original-7190474277199383302?refer=embed\">\u266c son original - aly<\/a> <\/section> <\/blockquote> <script async src=\"https:\/\/www.tiktok.com\/embed.js\"><\/script>\n\t\t<\/div>\n\t<\/div>\n<\/div><\/div><\/div><div class=\"wpb_column vc_column_container vc_col-sm-4  col-xs-mobile-fullwidth\"><div class=\"vc_column-inner\"><div class=\"wpb_wrapper\">\n\t<div class=\"wpb_raw_code wpb_content_element wpb_raw_html\" >\n\t\t<div class=\"wpb_wrapper\">\n\t\t\t<blockquote class=\"tiktok-embed\" cite=\"https:\/\/www.tiktok.com\/@emylalune\/video\/7190844309099351301\" data-video-id=\"7190844309099351301\" style=\"max-width: 605px;min-width: 325px;\" > <section> <a target=\"_blank\" title=\"@emylalune\" href=\"https:\/\/www.tiktok.com\/@emylalune?refer=embed\">@emylalune<\/a> Mettons que tu aimes la cuisine, le vin, les voyages et les gens, les programmes de l\u2019 @ITHQofficiel  pourraient peut-\u00eatre t\u2019int\u00e9resser!\ud83d\udc4f Les portes ouvertes sont le 6 f\u00e9vrier... si jamais \ud83d\ude0a <a title=\"partenaireithq\" target=\"_blank\" href=\"https:\/\/www.tiktok.com\/tag\/partenaireithq?refer=embed\">#partenaireITHQ<\/a> <a title=\"tourisme\" target=\"_blank\" href=\"https:\/\/www.tiktok.com\/tag\/tourisme?refer=embed\">#Tourisme<\/a> <a title=\"h\u00f4tellerie\" target=\"_blank\" href=\"https:\/\/www.tiktok.com\/tag\/h%C3%B4tellerie?refer=embed\">#H\u00f4tellerie<\/a> <a title=\"restauration\" target=\"_blank\" href=\"https:\/\/www.tiktok.com\/tag\/restauration?refer=embed\">#Restauration<\/a> <a target=\"_blank\" title=\"\u266c son original - Emy Lalune\" href=\"https:\/\/www.tiktok.com\/music\/son-original-7190844292495362821?refer=embed\">\u266c son original - Emy Lalune<\/a> <\/section> <\/blockquote> <script async src=\"https:\/\/www.tiktok.com\/embed.js\"><\/script>\n\t\t<\/div>\n\t<\/div>\n<\/div><\/div><\/div><div class=\"wpb_column vc_column_container vc_col-sm-4  col-xs-mobile-fullwidth\"><div class=\"vc_column-inner\"><div class=\"wpb_wrapper\">\n\t<div class=\"wpb_raw_code wpb_content_element wpb_raw_html\" >\n\t\t<div class=\"wpb_wrapper\">\n\t\t\t<blockquote class=\"tiktok-embed\" cite=\"https:\/\/www.tiktok.com\/@antho.tran\/video\/7191228879787265286\" data-video-id=\"7191228879787265286\" style=\"max-width: 605px;min-width: 325px;\" > <section> <a target=\"_blank\" title=\"@antho.tran\" href=\"https:\/\/www.tiktok.com\/@antho.tran?refer=embed\">@antho.tran<\/a> Tu veux un jour \u00eatre capable de remporter un d\u00e9fi contre un chef de l&#39;@ITHQofficiel? Tu as jusqu\u2019au 1er mars pour t\u2019inscrire dans un programme de cuisine! Et tu peux rencontrer leurs profs aux portes ouvertes le 6 f\u00e9vrier prochain. <a title=\"partenaire_ithq\" target=\"_blank\" href=\"https:\/\/www.tiktok.com\/tag\/partenaire_ithq?refer=embed\">#Partenaire_ITHQ<\/a> <a title=\"pub\" target=\"_blank\" href=\"https:\/\/www.tiktok.com\/tag\/pub?refer=embed\">#pub<\/a> <a title=\"restauration\" target=\"_blank\" href=\"https:\/\/www.tiktok.com\/tag\/restauration?refer=embed\">#restauration<\/a> <a title=\"chef\" target=\"_blank\" href=\"https:\/\/www.tiktok.com\/tag\/chef?refer=embed\">#chef<\/a> <a target=\"_blank\" title=\"\u266c original sound - Antho Tran\" href=\"https:\/\/www.tiktok.com\/music\/original-sound-7191228867699641093?refer=embed\">\u266c original sound - Antho Tran<\/a> <\/section> <\/blockquote> <script async src=\"https:\/\/www.tiktok.com\/embed.js\"><\/script>\n\t\t<\/div>\n\t<\/div>\n<\/div><\/div><\/div><\/div><div class=\"vc_row wpb_row vc_inner vc_row-fluid\"><div class=\"wpb_column vc_column_container vc_col-sm-4  col-xs-mobile-fullwidth\"><div class=\"vc_column-inner\"><div class=\"wpb_wrapper\">\n\t<div class=\"wpb_raw_code wpb_content_element wpb_raw_html\" >\n\t\t<div class=\"wpb_wrapper\">\n\t\t\t<blockquote class=\"tiktok-embed\" cite=\"https:\/\/www.tiktok.com\/@antoinebcotes\/video\/7192373048689822981\" data-video-id=\"7192373048689822981\" style=\"max-width: 605px;min-width: 325px;\" > <section> <a target=\"_blank\" title=\"@antoinebcotes\" href=\"https:\/\/www.tiktok.com\/@antoinebcotes?refer=embed\">@antoinebcotes<\/a> Pour visiter ta future \u00e9cole, viens aux portes ouvertes de l\u2019@ITHQofficiel ! C\u2019est le 6 f\u00e9vrier 2023, \u00e0 deux pas du m\u00e9tro Sherbrooke! Les admissions sont actuellement en cours jusqu\u2019au 1er mars. <a title=\"pub\" target=\"_blank\" href=\"https:\/\/www.tiktok.com\/tag\/pub?refer=embed\">#Pub<\/a> <a title=\"partenaire_ithq\" target=\"_blank\" href=\"https:\/\/www.tiktok.com\/tag\/partenaire_ithq?refer=embed\">#Partenaire_ITHQ<\/a> <a title=\"tourisme\" target=\"_blank\" href=\"https:\/\/www.tiktok.com\/tag\/tourisme?refer=embed\">#Tourisme<\/a> <a title=\"hotellerie\" target=\"_blank\" href=\"https:\/\/www.tiktok.com\/tag\/hotellerie?refer=embed\">#Hotellerie<\/a> <a title=\"restauration\" target=\"_blank\" href=\"https:\/\/www.tiktok.com\/tag\/restauration?refer=embed\">#Restauration<\/a> <a target=\"_blank\" title=\"\u266c son original - Antoine\" href=\"https:\/\/www.tiktok.com\/music\/son-original-7192373020890024710?refer=embed\">\u266c son original - Antoine<\/a> <\/section> <\/blockquote> <script async src=\"https:\/\/www.tiktok.com\/embed.js\"><\/script>\n\t\t<\/div>\n\t<\/div>\n<\/div><\/div><\/div><div class=\"wpb_column vc_column_container vc_col-sm-4  col-xs-mobile-fullwidth\"><div class=\"vc_column-inner\"><div class=\"wpb_wrapper\">\n\t<div class=\"wpb_raw_code wpb_content_element wpb_raw_html\" >\n\t\t<div class=\"wpb_wrapper\">\n\t\t\t<blockquote class=\"tiktok-embed\" cite=\"https:\/\/www.tiktok.com\/@delage_marcantoine\/video\/7191955312914566405\" data-video-id=\"7191955312914566405\" style=\"max-width: 605px;min-width: 325px;\" > <section> <a target=\"_blank\" title=\"@delage_marcantoine\" href=\"https:\/\/www.tiktok.com\/@delage_marcantoine?refer=embed\">@delage_marcantoine<\/a> Tourisme, h\u00f4tellerie, restauration\u2026 Peu importe ton signe, c\u2019est certain que l\u2019@ITHQofficiel \u00e0 un programme d\u2019\u00e9tudes pour toi! Alors participe \u00e0 leur portes ouverte le 6 f\u00e9vrier! <a title=\"partenaireithq\" target=\"_blank\" href=\"https:\/\/www.tiktok.com\/tag\/partenaireithq?refer=embed\">#partenaireITHQ<\/a> <a title=\"tourisme\" target=\"_blank\" href=\"https:\/\/www.tiktok.com\/tag\/tourisme?refer=embed\">#Tourisme<\/a> <a title=\"h\u00f4tellerie\" target=\"_blank\" href=\"https:\/\/www.tiktok.com\/tag\/h%C3%B4tellerie?refer=embed\">#H\u00f4tellerie<\/a> <a title=\"restauration\" target=\"_blank\" href=\"https:\/\/www.tiktok.com\/tag\/restauration?refer=embed\">#Restauration<\/a> <a target=\"_blank\" title=\"\u266c son original - Marc-Antoine Delage\" href=\"https:\/\/www.tiktok.com\/music\/son-original-7191955313912711942?refer=embed\">\u266c son original - Marc-Antoine Delage<\/a> <\/section> <\/blockquote> <script async src=\"https:\/\/www.tiktok.com\/embed.js\"><\/script>\n\t\t<\/div>\n\t<\/div>\n<\/div><\/div><\/div><div class=\"wpb_column vc_column_container vc_col-sm-4  col-xs-mobile-fullwidth\"><div class=\"vc_column-inner\"><div class=\"wpb_wrapper\"><\/div><\/div><\/div><\/div><div class=\"vc_row wpb_row vc_inner vc_row-fluid\"><div class=\"wpb_column vc_column_container vc_col-sm-4  col-xs-mobile-fullwidth\"><div class=\"vc_column-inner\"><div class=\"wpb_wrapper\"><\/div><\/div><\/div><\/div><div class=\"vc_row wpb_row vc_inner vc_row-fluid\"><div class=\"wpb_column vc_column_container vc_col-sm-4  col-xs-mobile-fullwidth\"><div class=\"vc_column-inner\"><div class=\"wpb_wrapper\"><\/div><\/div><\/div><\/div><div class=\"vc_row wpb_row vc_inner vc_row-fluid\"><div class=\"wpb_column vc_column_container vc_col-sm-12  col-xs-mobile-fullwidth\"><div class=\"vc_column-inner\"><div class=\"wpb_wrapper\"><div class=\"vc_empty_space\"   style=\"height: 50px\"><span class=\"vc_empty_space_inner\"><\/span><\/div><div class=\"last-paragraph-no-margin\"><h6 style=\"text-align: center;\"><em><span style=\"font-size: xx-small;\">Campagne en partenariat avec Espace M<\/span><\/em><\/h6>\n<\/div><\/div><\/div><\/div><\/div><div class=\"vc_row wpb_row vc_inner vc_row-fluid\"><div class=\"wpb_column vc_column_container vc_col-sm-12  col-xs-mobile-fullwidth\"><div class=\"vc_column-inner\"><div class=\"wpb_wrapper\"><a  href=\"https:\/\/nelliemarketing.com\/en\/projetstemp\/\" target=\"_self\" class=\"btn pofo-button-1 button-style5  btn-dark-gray btn-rounded  btn-small   vc_custom_1674613905661\"  style=\"border-color:#9fa4bd; \">Retour aux \u00e9tudes de cas<\/a><\/div><\/div><\/div><\/div><\/div><\/div><\/div><\/section>","protected":false},"excerpt":{"rendered":"ADMISSIONS 2023Objectif : Accro\u00eetre la consid\u00e9ration des programmes professionnels, techniques et universitaires offerts par l\u2019ITHQ aupr\u00e8s des qu\u00e9b\u00e9cois \u00e2g\u00e9s entre 17 et 34 ans. Concept : En misant sur la notion de plaisir li\u00e9e aux \u00e9tudes r\u00e9alis\u00e9es \u00e0 l\u2019ITHQ, les cr\u00e9ateurs de contenu ont \u00e9t\u00e9 mandat\u00e9s afin de mettre en lumi\u00e8re les programmes stimulants offerts par l\u2019institution. Permettant aux \u00e9tudiants d\u2019\u00e9largir leurs horizons et d\u2019acqu\u00e9rir de merveilleux apprentissages pour le milieu du travail, l\u2019ITHQ a \u00e9t\u00e9 mise de l\u2019avant de fa\u00e7on ludique dans les contenus des influenceurs et les r\u00e9sultats furent impressionnants. Statistiques cl\u00e9s : 5 cr\u00e9ateurs de contenu 58 942 impressions\u00a0 912 000 vues 26 314 engagements\u00a0 Taux d\u2019engagement global de 18%\u00a0 Visibilit\u00e9 des Instagram Reels de 75,77% Visibilit\u00e9 des Instagram Stories de 55,38% \u00ab Cette collaboration avec Nellie s\u2019inscrit dans des efforts marketing de recrutement globaux aupr\u00e8s de 18-24 ans qui ont permis de g\u00e9n\u00e9rer une augmentation du nombre de demandes d\u2019admission d\u2019au moins 9,5% dans l\u2019ensemble des programmes r\u00e9guliers au 1er tour. \u00bb -Emilie Boisvert-Croteau, conseill\u00e8re marketing, ITHQ @alybrassard Tant qu\u2019\u00e0 tripper de m\u00eame, \u00e7a vaut la peine de s\u2019informer sur les programmes de l\u2019ITHQ \ud83c\udfe8 En passant, les portes ouvertes sont le 6 f\u00e9vrier! #partenaire_ITHQ @ithqofficiel...","protected":false},"author":3,"featured_media":23345,"parent":0,"menu_order":0,"comment_status":"closed","ping_status":"closed","template":"","meta":{"footnotes":""},"class_list":["post-23989","page","type-page","status-publish","has-post-thumbnail","hentry"],"yoast_head":"<!-- This site is optimized with the Yoast SEO plugin v26.5 - https:\/\/yoast.com\/wordpress\/plugins\/seo\/ -->\n<title>\u00c9tude de cas : ITHQ - Nellie Marketing<\/title>\n<meta name=\"robots\" content=\"index, follow, max-snippet:-1, max-image-preview:large, max-video-preview:-1\" \/>\n<link rel=\"canonical\" href=\"https:\/\/nelliemarketing.com\/en\/etude-de-cas-ithq\/\" \/>\n<meta property=\"og:locale\" content=\"en_US\" \/>\n<meta property=\"og:type\" content=\"article\" \/>\n<meta property=\"og:title\" content=\"\u00c9tude de cas : ITHQ - Nellie Marketing\" \/>\n<meta property=\"og:url\" content=\"https:\/\/nelliemarketing.com\/en\/etude-de-cas-ithq\/\" \/>\n<meta property=\"og:site_name\" content=\"Nellie Marketing\" \/>\n<meta property=\"article:publisher\" content=\"https:\/\/www.facebook.com\/nelliemarketing\/\" \/>\n<meta property=\"article:modified_time\" content=\"2024-07-30T19:53:33+00:00\" \/>\n<meta property=\"og:image\" content=\"https:\/\/nelliemarketing.com\/wp-content\/uploads\/2023\/02\/Sans-titre-2.png\" \/>\n\t<meta property=\"og:image:width\" content=\"6912\" \/>\n\t<meta property=\"og:image:height\" content=\"3456\" \/>\n\t<meta property=\"og:image:type\" content=\"image\/png\" \/>\n<meta name=\"twitter:card\" content=\"summary_large_image\" \/>\n<meta name=\"twitter:label1\" content=\"Est. reading time\" \/>\n\t<meta name=\"twitter:data1\" content=\"1 minute\" \/>\n<script type=\"application\/ld+json\" class=\"yoast-schema-graph\">{\"@context\":\"https:\/\/schema.org\",\"@graph\":[{\"@type\":\"WebPage\",\"@id\":\"https:\/\/nelliemarketing.com\/etude-de-cas-ithq\/\",\"url\":\"https:\/\/nelliemarketing.com\/etude-de-cas-ithq\/\",\"name\":\"\u00c9tude de cas : ITHQ - Nellie Marketing\",\"isPartOf\":{\"@id\":\"https:\/\/nelliemarketing.com\/#website\"},\"primaryImageOfPage\":{\"@id\":\"https:\/\/nelliemarketing.com\/etude-de-cas-ithq\/#primaryimage\"},\"image\":{\"@id\":\"https:\/\/nelliemarketing.com\/etude-de-cas-ithq\/#primaryimage\"},\"thumbnailUrl\":\"https:\/\/nelliemarketing.com\/wp-content\/uploads\/2023\/02\/Sans-titre-2.png\",\"datePublished\":\"2024-02-06T16:04:18+00:00\",\"dateModified\":\"2024-07-30T19:53:33+00:00\",\"breadcrumb\":{\"@id\":\"https:\/\/nelliemarketing.com\/etude-de-cas-ithq\/#breadcrumb\"},\"inLanguage\":\"en-CA\",\"potentialAction\":[{\"@type\":\"ReadAction\",\"target\":[\"https:\/\/nelliemarketing.com\/etude-de-cas-ithq\/\"]}]},{\"@type\":\"ImageObject\",\"inLanguage\":\"en-CA\",\"@id\":\"https:\/\/nelliemarketing.com\/etude-de-cas-ithq\/#primaryimage\",\"url\":\"https:\/\/nelliemarketing.com\/wp-content\/uploads\/2023\/02\/Sans-titre-2.png\",\"contentUrl\":\"https:\/\/nelliemarketing.com\/wp-content\/uploads\/2023\/02\/Sans-titre-2.png\",\"width\":6912,\"height\":3456},{\"@type\":\"BreadcrumbList\",\"@id\":\"https:\/\/nelliemarketing.com\/etude-de-cas-ithq\/#breadcrumb\",\"itemListElement\":[{\"@type\":\"ListItem\",\"position\":1,\"name\":\"Home\",\"item\":\"https:\/\/nelliemarketing.com\/\"},{\"@type\":\"ListItem\",\"position\":2,\"name\":\"\u00c9tude de cas : ITHQ\"}]},{\"@type\":\"WebSite\",\"@id\":\"https:\/\/nelliemarketing.com\/#website\",\"url\":\"https:\/\/nelliemarketing.com\/\",\"name\":\"Nellie Marketing\",\"description\":\"Agence marketing social\",\"publisher\":{\"@id\":\"https:\/\/nelliemarketing.com\/#organization\"},\"potentialAction\":[{\"@type\":\"SearchAction\",\"target\":{\"@type\":\"EntryPoint\",\"urlTemplate\":\"https:\/\/nelliemarketing.com\/?s={search_term_string}\"},\"query-input\":{\"@type\":\"PropertyValueSpecification\",\"valueRequired\":true,\"valueName\":\"search_term_string\"}}],\"inLanguage\":\"en-CA\"},{\"@type\":\"Organization\",\"@id\":\"https:\/\/nelliemarketing.com\/#organization\",\"name\":\"Nellie Marketing\",\"url\":\"https:\/\/nelliemarketing.com\/\",\"logo\":{\"@type\":\"ImageObject\",\"inLanguage\":\"en-CA\",\"@id\":\"https:\/\/nelliemarketing.com\/#\/schema\/logo\/image\/\",\"url\":\"https:\/\/nelliemarketing.com\/wp-content\/uploads\/2022\/02\/nellie_logo4.png\",\"contentUrl\":\"https:\/\/nelliemarketing.com\/wp-content\/uploads\/2022\/02\/nellie_logo4.png\",\"width\":1142,\"height\":485,\"caption\":\"Nellie Marketing\"},\"image\":{\"@id\":\"https:\/\/nelliemarketing.com\/#\/schema\/logo\/image\/\"},\"sameAs\":[\"https:\/\/www.facebook.com\/nelliemarketing\/\",\"https:\/\/www.instagram.com\/nellie_marketing\/\",\"https:\/\/www.linkedin.com\/company\/nellie-marketing\/\"]}]}<\/script>\n<!-- \/ Yoast SEO plugin. -->","yoast_head_json":{"title":"\u00c9tude de cas : ITHQ - Nellie Marketing","robots":{"index":"index","follow":"follow","max-snippet":"max-snippet:-1","max-image-preview":"max-image-preview:large","max-video-preview":"max-video-preview:-1"},"canonical":"https:\/\/nelliemarketing.com\/en\/etude-de-cas-ithq\/","og_locale":"en_US","og_type":"article","og_title":"\u00c9tude de cas : ITHQ - Nellie Marketing","og_url":"https:\/\/nelliemarketing.com\/en\/etude-de-cas-ithq\/","og_site_name":"Nellie Marketing","article_publisher":"https:\/\/www.facebook.com\/nelliemarketing\/","article_modified_time":"2024-07-30T19:53:33+00:00","og_image":[{"width":6912,"height":3456,"url":"https:\/\/nelliemarketing.com\/wp-content\/uploads\/2023\/02\/Sans-titre-2.png","type":"image\/png"}],"twitter_card":"summary_large_image","twitter_misc":{"Est. reading time":"1 minute"},"schema":{"@context":"https:\/\/schema.org","@graph":[{"@type":"WebPage","@id":"https:\/\/nelliemarketing.com\/etude-de-cas-ithq\/","url":"https:\/\/nelliemarketing.com\/etude-de-cas-ithq\/","name":"\u00c9tude de cas : ITHQ - Nellie Marketing","isPartOf":{"@id":"https:\/\/nelliemarketing.com\/#website"},"primaryImageOfPage":{"@id":"https:\/\/nelliemarketing.com\/etude-de-cas-ithq\/#primaryimage"},"image":{"@id":"https:\/\/nelliemarketing.com\/etude-de-cas-ithq\/#primaryimage"},"thumbnailUrl":"https:\/\/nelliemarketing.com\/wp-content\/uploads\/2023\/02\/Sans-titre-2.png","datePublished":"2024-02-06T16:04:18+00:00","dateModified":"2024-07-30T19:53:33+00:00","breadcrumb":{"@id":"https:\/\/nelliemarketing.com\/etude-de-cas-ithq\/#breadcrumb"},"inLanguage":"en-CA","potentialAction":[{"@type":"ReadAction","target":["https:\/\/nelliemarketing.com\/etude-de-cas-ithq\/"]}]},{"@type":"ImageObject","inLanguage":"en-CA","@id":"https:\/\/nelliemarketing.com\/etude-de-cas-ithq\/#primaryimage","url":"https:\/\/nelliemarketing.com\/wp-content\/uploads\/2023\/02\/Sans-titre-2.png","contentUrl":"https:\/\/nelliemarketing.com\/wp-content\/uploads\/2023\/02\/Sans-titre-2.png","width":6912,"height":3456},{"@type":"BreadcrumbList","@id":"https:\/\/nelliemarketing.com\/etude-de-cas-ithq\/#breadcrumb","itemListElement":[{"@type":"ListItem","position":1,"name":"Home","item":"https:\/\/nelliemarketing.com\/"},{"@type":"ListItem","position":2,"name":"\u00c9tude de cas : ITHQ"}]},{"@type":"WebSite","@id":"https:\/\/nelliemarketing.com\/#website","url":"https:\/\/nelliemarketing.com\/","name":"Nellie Marketing","description":"Agence marketing social","publisher":{"@id":"https:\/\/nelliemarketing.com\/#organization"},"potentialAction":[{"@type":"SearchAction","target":{"@type":"EntryPoint","urlTemplate":"https:\/\/nelliemarketing.com\/?s={search_term_string}"},"query-input":{"@type":"PropertyValueSpecification","valueRequired":true,"valueName":"search_term_string"}}],"inLanguage":"en-CA"},{"@type":"Organization","@id":"https:\/\/nelliemarketing.com\/#organization","name":"Nellie Marketing","url":"https:\/\/nelliemarketing.com\/","logo":{"@type":"ImageObject","inLanguage":"en-CA","@id":"https:\/\/nelliemarketing.com\/#\/schema\/logo\/image\/","url":"https:\/\/nelliemarketing.com\/wp-content\/uploads\/2022\/02\/nellie_logo4.png","contentUrl":"https:\/\/nelliemarketing.com\/wp-content\/uploads\/2022\/02\/nellie_logo4.png","width":1142,"height":485,"caption":"Nellie Marketing"},"image":{"@id":"https:\/\/nelliemarketing.com\/#\/schema\/logo\/image\/"},"sameAs":["https:\/\/www.facebook.com\/nelliemarketing\/","https:\/\/www.instagram.com\/nellie_marketing\/","https:\/\/www.linkedin.com\/company\/nellie-marketing\/"]}]}},"_links":{"self":[{"href":"https:\/\/nelliemarketing.com\/en\/wp-json\/wp\/v2\/pages\/23989","targetHints":{"allow":["GET"]}}],"collection":[{"href":"https:\/\/nelliemarketing.com\/en\/wp-json\/wp\/v2\/pages"}],"about":[{"href":"https:\/\/nelliemarketing.com\/en\/wp-json\/wp\/v2\/types\/page"}],"author":[{"embeddable":true,"href":"https:\/\/nelliemarketing.com\/en\/wp-json\/wp\/v2\/users\/3"}],"replies":[{"embeddable":true,"href":"https:\/\/nelliemarketing.com\/en\/wp-json\/wp\/v2\/comments?post=23989"}],"version-history":[{"count":4,"href":"https:\/\/nelliemarketing.com\/en\/wp-json\/wp\/v2\/pages\/23989\/revisions"}],"predecessor-version":[{"id":24030,"href":"https:\/\/nelliemarketing.com\/en\/wp-json\/wp\/v2\/pages\/23989\/revisions\/24030"}],"wp:featuredmedia":[{"embeddable":true,"href":"https:\/\/nelliemarketing.com\/en\/wp-json\/wp\/v2\/media\/23345"}],"wp:attachment":[{"href":"https:\/\/nelliemarketing.com\/en\/wp-json\/wp\/v2\/media?parent=23989"}],"curies":[{"name":"wp","href":"https:\/\/api.w.org\/{rel}","templated":true}]}}