{"id":23552,"date":"2023-03-15T13:34:42","date_gmt":"2023-03-15T17:34:42","guid":{"rendered":"https:\/\/nelliemarketing.com\/?page_id=23552"},"modified":"2023-04-12T13:55:09","modified_gmt":"2023-04-12T17:55:09","slug":"etude-de-cas-marcelle","status":"publish","type":"page","link":"https:\/\/nelliemarketing.com\/en\/etude-de-cas-marcelle\/","title":{"rendered":"\u00c9tude de cas : Marcelle"},"content":{"rendered":"<section class=\"vc_row wpb_row vc_row-fluid\"><div class=\"wpb_column vc_column_container vc_col-sm-12  col-xs-mobile-fullwidth\"><div class=\"vc_column-inner\"><div class=\"wpb_wrapper\"><div class=\"vc_row wpb_row vc_inner vc_row-fluid\"><div class=\"wpb_column vc_column_container vc_col-sm-12  col-xs-mobile-fullwidth\"><div class=\"vc_column-inner\"><div class=\"wpb_wrapper\"><h2 style=\"color: #000000;text-align: center;font-family:Montserrat;font-weight:700;font-style:normal\" class=\"vc_custom_heading\" >\u00c9DITION NO\u00cbL<\/h2><\/div><\/div><\/div><\/div><div class=\"vc_row wpb_row vc_inner vc_row-fluid\"><div class=\"wpb_column vc_column_container vc_col-sm-12  col-xs-mobile-fullwidth\"><div class=\"vc_column-inner\"><div class=\"wpb_wrapper\"><div class=\"last-paragraph-no-margin\"><p><span style=\"color: #000000;\"><span style=\"font-weight: 400;\"><strong>Objectif : <\/strong>Capturer l&rsquo;essence de l&rsquo;\u00e9ternelle jeunesse \u00e0 travers un photoshoot saisissant, mettant en vedette les meilleurs vendeurs et les produits anti-\u00e2ge exceptionnels du Groupe Marcelle.<\/span><\/span><\/p>\n<p><span style=\"font-weight: 400; color: #000000;\"><strong>Concept :<\/strong> <span style=\"font-weight: 400;\">Dans une ambiance des F\u00eates, nous avons imagin\u00e9 des concepts innovants pour capturer des photos et des vid\u00e9os captivantes mettant en valeur les produits dans une vari\u00e9t\u00e9 de contextes inspirants. Du rituel de beaut\u00e9 matinal et du soir, aux id\u00e9es de cadeaux sous le sapin, en passant par un festin familial, la journ\u00e9e de production fut un succ\u00e8s.<\/span><\/span><\/p>\n<\/div><div class=\"vc_empty_space\"   style=\"height: 36px\"><span class=\"vc_empty_space_inner\"><\/span><\/div><\/div><\/div><\/div><\/div><div class=\"vc_row wpb_row vc_inner vc_row-fluid\"><div class=\"wpb_column vc_column_container vc_col-sm-12  col-xs-mobile-fullwidth\"><div class=\"vc_column-inner\"><div class=\"wpb_wrapper\"><div class=\"last-paragraph-no-margin\"><p><span style=\"font-weight: 400; color: #000000;\">\u00ab\u00a0Je voulais dire un gros merci \u00e0 l\u2019\u00e9quipe Nellie pour votre beau cadeau ! C\u2019\u00e9tait vraiment un plaisir de travailler avec vous pour la campagne de No\u00ebl et on est super fi\u00e8re des r\u00e9sultats.\u00a0\u00bb<\/span><\/p>\n<p><span style=\"color: #000000;\">&#8211; Fr\u00e9d\u00e9rique Boivin-Roy, <span style=\"font-weight: 400;\">Chef de marque, Mise en march\u00e9 et trade Marcelle<\/span><\/span><\/p>\n<\/div><div class=\"vc_empty_space\"   style=\"height: 20px\"><span class=\"vc_empty_space_inner\"><\/span><\/div><\/div><\/div><\/div><\/div><div class=\"vc_row wpb_row vc_inner vc_row-fluid\"><div class=\"wpb_column vc_column_container vc_col-sm-3  col-xs-mobile-fullwidth\"><div class=\"vc_column-inner\"><div class=\"wpb_wrapper\">\n\t<div  class=\"wpb_single_image wpb_content_element vc_align_left\">\n\t\t\n\t\t<figure class=\"wpb_wrapper vc_figure\">\n\t\t\t<div class=\"vc_single_image-wrapper   vc_box_border_grey\"><img loading=\"lazy\" decoding=\"async\" width=\"1080\" height=\"1080\" src=\"https:\/\/nelliemarketing.com\/wp-content\/uploads\/2023\/03\/1.png\" class=\"vc_single_image-img attachment-full\" alt=\"\" srcset=\"https:\/\/nelliemarketing.com\/wp-content\/uploads\/2023\/03\/1.png 1080w, https:\/\/nelliemarketing.com\/wp-content\/uploads\/2023\/03\/1-300x300.png 300w, https:\/\/nelliemarketing.com\/wp-content\/uploads\/2023\/03\/1-1024x1024.png 1024w, https:\/\/nelliemarketing.com\/wp-content\/uploads\/2023\/03\/1-150x150.png 150w, https:\/\/nelliemarketing.com\/wp-content\/uploads\/2023\/03\/1-768x768.png 768w, https:\/\/nelliemarketing.com\/wp-content\/uploads\/2023\/03\/1-12x12.png 12w, https:\/\/nelliemarketing.com\/wp-content\/uploads\/2023\/03\/1-771x771.png 771w, https:\/\/nelliemarketing.com\/wp-content\/uploads\/2023\/03\/1-81x81.png 81w\" sizes=\"auto, (max-width: 1080px) 100vw, 1080px\" \/><\/div>\n\t\t<\/figure>\n\t<\/div>\n<\/div><\/div><\/div><div class=\"wpb_column vc_column_container vc_col-sm-3  col-xs-mobile-fullwidth\"><div class=\"vc_column-inner\"><div class=\"wpb_wrapper\">\n\t<div  class=\"wpb_single_image wpb_content_element vc_align_left\">\n\t\t\n\t\t<figure class=\"wpb_wrapper vc_figure\">\n\t\t\t<div class=\"vc_single_image-wrapper   vc_box_border_grey\"><img loading=\"lazy\" decoding=\"async\" width=\"1024\" height=\"1024\" src=\"https:\/\/nelliemarketing.com\/wp-content\/uploads\/2023\/03\/2-1024x1024.png\" class=\"vc_single_image-img attachment-large\" alt=\"\" srcset=\"https:\/\/nelliemarketing.com\/wp-content\/uploads\/2023\/03\/2-1024x1024.png 1024w, https:\/\/nelliemarketing.com\/wp-content\/uploads\/2023\/03\/2-300x300.png 300w, https:\/\/nelliemarketing.com\/wp-content\/uploads\/2023\/03\/2-150x150.png 150w, https:\/\/nelliemarketing.com\/wp-content\/uploads\/2023\/03\/2-768x768.png 768w, https:\/\/nelliemarketing.com\/wp-content\/uploads\/2023\/03\/2-12x12.png 12w, https:\/\/nelliemarketing.com\/wp-content\/uploads\/2023\/03\/2-771x771.png 771w, https:\/\/nelliemarketing.com\/wp-content\/uploads\/2023\/03\/2-81x81.png 81w, https:\/\/nelliemarketing.com\/wp-content\/uploads\/2023\/03\/2.png 1080w\" sizes=\"auto, (max-width: 1024px) 100vw, 1024px\" \/><\/div>\n\t\t<\/figure>\n\t<\/div>\n<\/div><\/div><\/div><div class=\"wpb_column vc_column_container vc_col-sm-3  col-xs-mobile-fullwidth\"><div class=\"vc_column-inner\"><div class=\"wpb_wrapper\">\n\t<div  class=\"wpb_single_image wpb_content_element vc_align_left\">\n\t\t\n\t\t<figure class=\"wpb_wrapper vc_figure\">\n\t\t\t<div class=\"vc_single_image-wrapper   vc_box_border_grey\"><img loading=\"lazy\" decoding=\"async\" width=\"1080\" height=\"1080\" src=\"https:\/\/nelliemarketing.com\/wp-content\/uploads\/2023\/03\/3.png\" class=\"vc_single_image-img attachment-full\" alt=\"\" srcset=\"https:\/\/nelliemarketing.com\/wp-content\/uploads\/2023\/03\/3.png 1080w, https:\/\/nelliemarketing.com\/wp-content\/uploads\/2023\/03\/3-300x300.png 300w, https:\/\/nelliemarketing.com\/wp-content\/uploads\/2023\/03\/3-1024x1024.png 1024w, https:\/\/nelliemarketing.com\/wp-content\/uploads\/2023\/03\/3-150x150.png 150w, https:\/\/nelliemarketing.com\/wp-content\/uploads\/2023\/03\/3-768x768.png 768w, https:\/\/nelliemarketing.com\/wp-content\/uploads\/2023\/03\/3-12x12.png 12w, https:\/\/nelliemarketing.com\/wp-content\/uploads\/2023\/03\/3-771x771.png 771w, https:\/\/nelliemarketing.com\/wp-content\/uploads\/2023\/03\/3-81x81.png 81w\" sizes=\"auto, (max-width: 1080px) 100vw, 1080px\" \/><\/div>\n\t\t<\/figure>\n\t<\/div>\n<\/div><\/div><\/div><div class=\"wpb_column vc_column_container vc_col-sm-3  col-xs-mobile-fullwidth\"><div class=\"vc_column-inner\"><div class=\"wpb_wrapper\">\n\t<div  class=\"wpb_single_image wpb_content_element vc_align_left\">\n\t\t\n\t\t<figure class=\"wpb_wrapper vc_figure\">\n\t\t\t<div class=\"vc_single_image-wrapper   vc_box_border_grey\"><img loading=\"lazy\" decoding=\"async\" width=\"1080\" height=\"1080\" src=\"https:\/\/nelliemarketing.com\/wp-content\/uploads\/2023\/03\/6.png\" class=\"vc_single_image-img attachment-full\" alt=\"\" srcset=\"https:\/\/nelliemarketing.com\/wp-content\/uploads\/2023\/03\/6.png 1080w, https:\/\/nelliemarketing.com\/wp-content\/uploads\/2023\/03\/6-300x300.png 300w, https:\/\/nelliemarketing.com\/wp-content\/uploads\/2023\/03\/6-1024x1024.png 1024w, https:\/\/nelliemarketing.com\/wp-content\/uploads\/2023\/03\/6-150x150.png 150w, https:\/\/nelliemarketing.com\/wp-content\/uploads\/2023\/03\/6-768x768.png 768w, https:\/\/nelliemarketing.com\/wp-content\/uploads\/2023\/03\/6-12x12.png 12w, https:\/\/nelliemarketing.com\/wp-content\/uploads\/2023\/03\/6-771x771.png 771w, https:\/\/nelliemarketing.com\/wp-content\/uploads\/2023\/03\/6-81x81.png 81w\" sizes=\"auto, (max-width: 1080px) 100vw, 1080px\" \/><\/div>\n\t\t<\/figure>\n\t<\/div>\n<\/div><\/div><\/div><\/div><div class=\"vc_row wpb_row vc_inner vc_row-fluid\"><div class=\"wpb_column vc_column_container vc_col-sm-3  col-xs-mobile-fullwidth\"><div class=\"vc_column-inner\"><div class=\"wpb_wrapper\"><div class=\"vc_empty_space\"   style=\"height: 32px\"><span class=\"vc_empty_space_inner\"><\/span><\/div>\n\t<div  class=\"wpb_single_image wpb_content_element vc_align_left\">\n\t\t\n\t\t<figure class=\"wpb_wrapper vc_figure\">\n\t\t\t<div class=\"vc_single_image-wrapper   vc_box_border_grey\"><img loading=\"lazy\" decoding=\"async\" width=\"1080\" height=\"1080\" src=\"https:\/\/nelliemarketing.com\/wp-content\/uploads\/2023\/03\/4.png\" class=\"vc_single_image-img attachment-full\" alt=\"\" srcset=\"https:\/\/nelliemarketing.com\/wp-content\/uploads\/2023\/03\/4.png 1080w, https:\/\/nelliemarketing.com\/wp-content\/uploads\/2023\/03\/4-300x300.png 300w, https:\/\/nelliemarketing.com\/wp-content\/uploads\/2023\/03\/4-1024x1024.png 1024w, https:\/\/nelliemarketing.com\/wp-content\/uploads\/2023\/03\/4-150x150.png 150w, https:\/\/nelliemarketing.com\/wp-content\/uploads\/2023\/03\/4-768x768.png 768w, https:\/\/nelliemarketing.com\/wp-content\/uploads\/2023\/03\/4-12x12.png 12w, https:\/\/nelliemarketing.com\/wp-content\/uploads\/2023\/03\/4-771x771.png 771w, https:\/\/nelliemarketing.com\/wp-content\/uploads\/2023\/03\/4-81x81.png 81w\" sizes=\"auto, (max-width: 1080px) 100vw, 1080px\" \/><\/div>\n\t\t<\/figure>\n\t<\/div>\n<\/div><\/div><\/div><div class=\"wpb_column vc_column_container vc_col-sm-3  col-xs-mobile-fullwidth\"><div class=\"vc_column-inner\"><div class=\"wpb_wrapper\"><div class=\"vc_empty_space\"   style=\"height: 32px\"><span class=\"vc_empty_space_inner\"><\/span><\/div>\n\t<div  class=\"wpb_single_image wpb_content_element vc_align_left\">\n\t\t\n\t\t<figure class=\"wpb_wrapper vc_figure\">\n\t\t\t<div class=\"vc_single_image-wrapper   vc_box_border_grey\"><img loading=\"lazy\" decoding=\"async\" width=\"1080\" height=\"1080\" src=\"https:\/\/nelliemarketing.com\/wp-content\/uploads\/2023\/03\/8.png\" class=\"vc_single_image-img attachment-full\" alt=\"\" srcset=\"https:\/\/nelliemarketing.com\/wp-content\/uploads\/2023\/03\/8.png 1080w, https:\/\/nelliemarketing.com\/wp-content\/uploads\/2023\/03\/8-300x300.png 300w, https:\/\/nelliemarketing.com\/wp-content\/uploads\/2023\/03\/8-1024x1024.png 1024w, https:\/\/nelliemarketing.com\/wp-content\/uploads\/2023\/03\/8-150x150.png 150w, https:\/\/nelliemarketing.com\/wp-content\/uploads\/2023\/03\/8-768x768.png 768w, https:\/\/nelliemarketing.com\/wp-content\/uploads\/2023\/03\/8-12x12.png 12w, https:\/\/nelliemarketing.com\/wp-content\/uploads\/2023\/03\/8-771x771.png 771w, https:\/\/nelliemarketing.com\/wp-content\/uploads\/2023\/03\/8-81x81.png 81w\" sizes=\"auto, (max-width: 1080px) 100vw, 1080px\" \/><\/div>\n\t\t<\/figure>\n\t<\/div>\n<\/div><\/div><\/div><div class=\"wpb_column vc_column_container vc_col-sm-3  col-xs-mobile-fullwidth\"><div class=\"vc_column-inner\"><div class=\"wpb_wrapper\"><div class=\"vc_empty_space\"   style=\"height: 32px\"><span class=\"vc_empty_space_inner\"><\/span><\/div>\n\t<div  class=\"wpb_single_image wpb_content_element vc_align_left\">\n\t\t\n\t\t<figure class=\"wpb_wrapper vc_figure\">\n\t\t\t<div class=\"vc_single_image-wrapper   vc_box_border_grey\"><img loading=\"lazy\" decoding=\"async\" width=\"1080\" height=\"1080\" src=\"https:\/\/nelliemarketing.com\/wp-content\/uploads\/2023\/03\/5.png\" class=\"vc_single_image-img attachment-full\" alt=\"\" srcset=\"https:\/\/nelliemarketing.com\/wp-content\/uploads\/2023\/03\/5.png 1080w, https:\/\/nelliemarketing.com\/wp-content\/uploads\/2023\/03\/5-300x300.png 300w, https:\/\/nelliemarketing.com\/wp-content\/uploads\/2023\/03\/5-1024x1024.png 1024w, https:\/\/nelliemarketing.com\/wp-content\/uploads\/2023\/03\/5-150x150.png 150w, https:\/\/nelliemarketing.com\/wp-content\/uploads\/2023\/03\/5-768x768.png 768w, https:\/\/nelliemarketing.com\/wp-content\/uploads\/2023\/03\/5-12x12.png 12w, https:\/\/nelliemarketing.com\/wp-content\/uploads\/2023\/03\/5-771x771.png 771w, https:\/\/nelliemarketing.com\/wp-content\/uploads\/2023\/03\/5-81x81.png 81w\" sizes=\"auto, (max-width: 1080px) 100vw, 1080px\" \/><\/div>\n\t\t<\/figure>\n\t<\/div>\n<\/div><\/div><\/div><div class=\"wpb_column vc_column_container vc_col-sm-3  col-xs-mobile-fullwidth\"><div class=\"vc_column-inner\"><div class=\"wpb_wrapper\"><div class=\"vc_empty_space\"   style=\"height: 32px\"><span class=\"vc_empty_space_inner\"><\/span><\/div>\n\t<div  class=\"wpb_single_image wpb_content_element vc_align_left\">\n\t\t\n\t\t<figure class=\"wpb_wrapper vc_figure\">\n\t\t\t<div class=\"vc_single_image-wrapper   vc_box_border_grey\"><img loading=\"lazy\" decoding=\"async\" width=\"1080\" height=\"1080\" src=\"https:\/\/nelliemarketing.com\/wp-content\/uploads\/2023\/03\/7.png\" class=\"vc_single_image-img attachment-full\" alt=\"\" srcset=\"https:\/\/nelliemarketing.com\/wp-content\/uploads\/2023\/03\/7.png 1080w, https:\/\/nelliemarketing.com\/wp-content\/uploads\/2023\/03\/7-300x300.png 300w, https:\/\/nelliemarketing.com\/wp-content\/uploads\/2023\/03\/7-1024x1024.png 1024w, https:\/\/nelliemarketing.com\/wp-content\/uploads\/2023\/03\/7-150x150.png 150w, https:\/\/nelliemarketing.com\/wp-content\/uploads\/2023\/03\/7-768x768.png 768w, https:\/\/nelliemarketing.com\/wp-content\/uploads\/2023\/03\/7-12x12.png 12w, https:\/\/nelliemarketing.com\/wp-content\/uploads\/2023\/03\/7-771x771.png 771w, https:\/\/nelliemarketing.com\/wp-content\/uploads\/2023\/03\/7-81x81.png 81w\" sizes=\"auto, (max-width: 1080px) 100vw, 1080px\" \/><\/div>\n\t\t<\/figure>\n\t<\/div>\n<\/div><\/div><\/div><div class=\"wpb_column vc_column_container  col-xs-mobile-fullwidth\"><div class=\"vc_column-inner\"><div class=\"wpb_wrapper\"><\/div><\/div><\/div><\/div><div class=\"vc_row wpb_row vc_inner vc_row-fluid\"><div class=\"wpb_column vc_column_container vc_col-sm-12  col-xs-mobile-fullwidth\"><div class=\"vc_column-inner\"><div class=\"wpb_wrapper\"><div class=\"vc_empty_space\"   style=\"height: 50px\"><span class=\"vc_empty_space_inner\"><\/span><\/div><\/div><\/div><\/div><\/div><div class=\"vc_row wpb_row vc_inner vc_row-fluid\"><div class=\"wpb_column vc_column_container vc_col-sm-12  col-xs-mobile-fullwidth\"><div class=\"vc_column-inner\"><div class=\"wpb_wrapper\"><a  href=\"https:\/\/nelliemarketing.com\/en\/projetstemp\/\" target=\"_self\" class=\"btn pofo-button-1 button-style5  btn-dark-gray btn-rounded  btn-small   vc_custom_1674613905661\"  style=\"border-color:#9fa4bd; \">Retour aux \u00e9tudes de cas<\/a><\/div><\/div><\/div><\/div><\/div><\/div><\/div><\/section>","protected":false},"excerpt":{"rendered":"\u00c9DITION NO\u00cbLObjectif : Capturer l'essence de l'\u00e9ternelle jeunesse \u00e0 travers un photoshoot saisissant, mettant en vedette les meilleurs vendeurs et les produits anti-\u00e2ge exceptionnels du Groupe Marcelle. Concept : Dans une ambiance des F\u00eates, nous avons imagin\u00e9 des concepts innovants pour capturer des photos et des vid\u00e9os captivantes mettant en valeur les produits dans une vari\u00e9t\u00e9 de contextes inspirants. Du rituel de beaut\u00e9 matinal et du soir, aux id\u00e9es de cadeaux sous le sapin, en passant par un festin familial, la journ\u00e9e de production fut un succ\u00e8s. \"Je voulais dire un gros merci \u00e0 l\u2019\u00e9quipe Nellie pour votre beau cadeau ! C\u2019\u00e9tait vraiment un plaisir de travailler avec vous pour la campagne de No\u00ebl et on est super fi\u00e8re des r\u00e9sultats.\" - Fr\u00e9d\u00e9rique Boivin-Roy, Chef de marque, Mise en march\u00e9 et trade Marcelle Retour aux \u00e9tudes de cas","protected":false},"author":3,"featured_media":0,"parent":0,"menu_order":0,"comment_status":"closed","ping_status":"closed","template":"","meta":{"footnotes":""},"class_list":["post-23552","page","type-page","status-publish","hentry"],"yoast_head":"<!-- This site is optimized with the Yoast SEO plugin v26.5 - https:\/\/yoast.com\/wordpress\/plugins\/seo\/ -->\n<title>\u00c9tude de cas : Marcelle - Nellie Marketing<\/title>\n<meta name=\"robots\" content=\"index, follow, max-snippet:-1, max-image-preview:large, max-video-preview:-1\" \/>\n<link rel=\"canonical\" href=\"https:\/\/nelliemarketing.com\/en\/etude-de-cas-marcelle\/\" \/>\n<meta property=\"og:locale\" content=\"en_US\" \/>\n<meta property=\"og:type\" content=\"article\" \/>\n<meta property=\"og:title\" content=\"\u00c9tude de cas : Marcelle - Nellie Marketing\" \/>\n<meta property=\"og:url\" content=\"https:\/\/nelliemarketing.com\/en\/etude-de-cas-marcelle\/\" \/>\n<meta property=\"og:site_name\" content=\"Nellie Marketing\" \/>\n<meta property=\"article:publisher\" content=\"https:\/\/www.facebook.com\/nelliemarketing\/\" \/>\n<meta property=\"article:modified_time\" content=\"2023-04-12T17:55:09+00:00\" \/>\n<meta property=\"og:image\" content=\"https:\/\/nelliemarketing.com\/wp-content\/uploads\/2020\/01\/logo-nellie-marketing.jpg\" \/>\n\t<meta property=\"og:image:width\" content=\"1275\" \/>\n\t<meta property=\"og:image:height\" content=\"617\" \/>\n\t<meta property=\"og:image:type\" content=\"image\/jpeg\" \/>\n<meta name=\"twitter:card\" content=\"summary_large_image\" \/>\n<meta name=\"twitter:label1\" content=\"Est. reading time\" \/>\n\t<meta name=\"twitter:data1\" content=\"1 minute\" \/>\n<script type=\"application\/ld+json\" class=\"yoast-schema-graph\">{\"@context\":\"https:\/\/schema.org\",\"@graph\":[{\"@type\":\"WebPage\",\"@id\":\"https:\/\/nelliemarketing.com\/etude-de-cas-marcelle\/\",\"url\":\"https:\/\/nelliemarketing.com\/etude-de-cas-marcelle\/\",\"name\":\"\u00c9tude de cas : Marcelle - Nellie Marketing\",\"isPartOf\":{\"@id\":\"https:\/\/nelliemarketing.com\/#website\"},\"datePublished\":\"2023-03-15T17:34:42+00:00\",\"dateModified\":\"2023-04-12T17:55:09+00:00\",\"breadcrumb\":{\"@id\":\"https:\/\/nelliemarketing.com\/etude-de-cas-marcelle\/#breadcrumb\"},\"inLanguage\":\"en-CA\",\"potentialAction\":[{\"@type\":\"ReadAction\",\"target\":[\"https:\/\/nelliemarketing.com\/etude-de-cas-marcelle\/\"]}]},{\"@type\":\"BreadcrumbList\",\"@id\":\"https:\/\/nelliemarketing.com\/etude-de-cas-marcelle\/#breadcrumb\",\"itemListElement\":[{\"@type\":\"ListItem\",\"position\":1,\"name\":\"Home\",\"item\":\"https:\/\/nelliemarketing.com\/\"},{\"@type\":\"ListItem\",\"position\":2,\"name\":\"\u00c9tude de cas : Marcelle\"}]},{\"@type\":\"WebSite\",\"@id\":\"https:\/\/nelliemarketing.com\/#website\",\"url\":\"https:\/\/nelliemarketing.com\/\",\"name\":\"Nellie Marketing\",\"description\":\"Agence marketing social\",\"publisher\":{\"@id\":\"https:\/\/nelliemarketing.com\/#organization\"},\"potentialAction\":[{\"@type\":\"SearchAction\",\"target\":{\"@type\":\"EntryPoint\",\"urlTemplate\":\"https:\/\/nelliemarketing.com\/?s={search_term_string}\"},\"query-input\":{\"@type\":\"PropertyValueSpecification\",\"valueRequired\":true,\"valueName\":\"search_term_string\"}}],\"inLanguage\":\"en-CA\"},{\"@type\":\"Organization\",\"@id\":\"https:\/\/nelliemarketing.com\/#organization\",\"name\":\"Nellie Marketing\",\"url\":\"https:\/\/nelliemarketing.com\/\",\"logo\":{\"@type\":\"ImageObject\",\"inLanguage\":\"en-CA\",\"@id\":\"https:\/\/nelliemarketing.com\/#\/schema\/logo\/image\/\",\"url\":\"https:\/\/nelliemarketing.com\/wp-content\/uploads\/2022\/02\/nellie_logo4.png\",\"contentUrl\":\"https:\/\/nelliemarketing.com\/wp-content\/uploads\/2022\/02\/nellie_logo4.png\",\"width\":1142,\"height\":485,\"caption\":\"Nellie Marketing\"},\"image\":{\"@id\":\"https:\/\/nelliemarketing.com\/#\/schema\/logo\/image\/\"},\"sameAs\":[\"https:\/\/www.facebook.com\/nelliemarketing\/\",\"https:\/\/www.instagram.com\/nellie_marketing\/\",\"https:\/\/www.linkedin.com\/company\/nellie-marketing\/\"]}]}<\/script>\n<!-- \/ Yoast SEO plugin. -->","yoast_head_json":{"title":"\u00c9tude de cas : Marcelle - Nellie Marketing","robots":{"index":"index","follow":"follow","max-snippet":"max-snippet:-1","max-image-preview":"max-image-preview:large","max-video-preview":"max-video-preview:-1"},"canonical":"https:\/\/nelliemarketing.com\/en\/etude-de-cas-marcelle\/","og_locale":"en_US","og_type":"article","og_title":"\u00c9tude de cas : Marcelle - Nellie Marketing","og_url":"https:\/\/nelliemarketing.com\/en\/etude-de-cas-marcelle\/","og_site_name":"Nellie Marketing","article_publisher":"https:\/\/www.facebook.com\/nelliemarketing\/","article_modified_time":"2023-04-12T17:55:09+00:00","og_image":[{"width":1275,"height":617,"url":"https:\/\/nelliemarketing.com\/wp-content\/uploads\/2020\/01\/logo-nellie-marketing.jpg","type":"image\/jpeg"}],"twitter_card":"summary_large_image","twitter_misc":{"Est. reading time":"1 minute"},"schema":{"@context":"https:\/\/schema.org","@graph":[{"@type":"WebPage","@id":"https:\/\/nelliemarketing.com\/etude-de-cas-marcelle\/","url":"https:\/\/nelliemarketing.com\/etude-de-cas-marcelle\/","name":"\u00c9tude de cas : Marcelle - Nellie Marketing","isPartOf":{"@id":"https:\/\/nelliemarketing.com\/#website"},"datePublished":"2023-03-15T17:34:42+00:00","dateModified":"2023-04-12T17:55:09+00:00","breadcrumb":{"@id":"https:\/\/nelliemarketing.com\/etude-de-cas-marcelle\/#breadcrumb"},"inLanguage":"en-CA","potentialAction":[{"@type":"ReadAction","target":["https:\/\/nelliemarketing.com\/etude-de-cas-marcelle\/"]}]},{"@type":"BreadcrumbList","@id":"https:\/\/nelliemarketing.com\/etude-de-cas-marcelle\/#breadcrumb","itemListElement":[{"@type":"ListItem","position":1,"name":"Home","item":"https:\/\/nelliemarketing.com\/"},{"@type":"ListItem","position":2,"name":"\u00c9tude de cas : Marcelle"}]},{"@type":"WebSite","@id":"https:\/\/nelliemarketing.com\/#website","url":"https:\/\/nelliemarketing.com\/","name":"Nellie Marketing","description":"Agence marketing social","publisher":{"@id":"https:\/\/nelliemarketing.com\/#organization"},"potentialAction":[{"@type":"SearchAction","target":{"@type":"EntryPoint","urlTemplate":"https:\/\/nelliemarketing.com\/?s={search_term_string}"},"query-input":{"@type":"PropertyValueSpecification","valueRequired":true,"valueName":"search_term_string"}}],"inLanguage":"en-CA"},{"@type":"Organization","@id":"https:\/\/nelliemarketing.com\/#organization","name":"Nellie Marketing","url":"https:\/\/nelliemarketing.com\/","logo":{"@type":"ImageObject","inLanguage":"en-CA","@id":"https:\/\/nelliemarketing.com\/#\/schema\/logo\/image\/","url":"https:\/\/nelliemarketing.com\/wp-content\/uploads\/2022\/02\/nellie_logo4.png","contentUrl":"https:\/\/nelliemarketing.com\/wp-content\/uploads\/2022\/02\/nellie_logo4.png","width":1142,"height":485,"caption":"Nellie Marketing"},"image":{"@id":"https:\/\/nelliemarketing.com\/#\/schema\/logo\/image\/"},"sameAs":["https:\/\/www.facebook.com\/nelliemarketing\/","https:\/\/www.instagram.com\/nellie_marketing\/","https:\/\/www.linkedin.com\/company\/nellie-marketing\/"]}]}},"_links":{"self":[{"href":"https:\/\/nelliemarketing.com\/en\/wp-json\/wp\/v2\/pages\/23552","targetHints":{"allow":["GET"]}}],"collection":[{"href":"https:\/\/nelliemarketing.com\/en\/wp-json\/wp\/v2\/pages"}],"about":[{"href":"https:\/\/nelliemarketing.com\/en\/wp-json\/wp\/v2\/types\/page"}],"author":[{"embeddable":true,"href":"https:\/\/nelliemarketing.com\/en\/wp-json\/wp\/v2\/users\/3"}],"replies":[{"embeddable":true,"href":"https:\/\/nelliemarketing.com\/en\/wp-json\/wp\/v2\/comments?post=23552"}],"version-history":[{"count":9,"href":"https:\/\/nelliemarketing.com\/en\/wp-json\/wp\/v2\/pages\/23552\/revisions"}],"predecessor-version":[{"id":23770,"href":"https:\/\/nelliemarketing.com\/en\/wp-json\/wp\/v2\/pages\/23552\/revisions\/23770"}],"wp:attachment":[{"href":"https:\/\/nelliemarketing.com\/en\/wp-json\/wp\/v2\/media?parent=23552"}],"curies":[{"name":"wp","href":"https:\/\/api.w.org\/{rel}","templated":true}]}}